{"id":2240,"date":"2018-01-11T09:14:27","date_gmt":"2018-01-11T06:14:27","guid":{"rendered":"https:\/\/www.emident.com.tr\/emident-dental-clinic"},"modified":"2023-04-05T14:08:56","modified_gmt":"2023-04-05T11:08:56","slug":"emident-dental-clinic","status":"publish","type":"page","link":"https:\/\/www.emident.com.tr\/en\/emident-dental-clinic","title":{"rendered":"Emident"},"content":{"rendered":"<div class=\"wpb-content-wrapper\"><p>[vc_row css_animation=&#8221;&#8221; row_type=&#8221;row&#8221; use_row_as_full_screen_section=&#8221;no&#8221; type=&#8221;full_width&#8221; angled_section=&#8221;no&#8221; text_align=&#8221;left&#8221; background_image_as_pattern=&#8221;without_pattern&#8221; z_index=&#8221;&#8221; css=&#8221;.vc_custom_1521883880068{padding-top: 50px !important;padding-bottom: 40px !important;background-color: #ffffff !important;}&#8221;][vc_column][vc_row_inner row_type=&#8221;row&#8221; type=&#8221;grid&#8221; text_align=&#8221;left&#8221; css_animation=&#8221;&#8221;][vc_column_inner width=&#8221;2\/3&#8243;][vc_empty_space height=&#8221;20px&#8221;][vc_column_text]Located in Istanbul, \u015ei\u015fli, Mecidiyek\u00f6y and founded by dentists, Private Emident Dental Clinic has been providing services to its patients under the management of physicians in advanced surgery, implant, aesthetic, laser applications and orthodontic treatments since 2000.<\/p>\n<p>&nbsp;<\/p>\n<p>Our clinic is ISO9001-2008 and ISO10001-2012 certified.<\/p>\n<p>&nbsp;<\/p>\n<p>It also helps with air transportation, city transfer and accommodation for patients coming from outside of Istanbul. Foreign patients are served in their native language. The clinic is in Istanbul, \u015ei\u015fli, Mecidiyek\u00f6y.[\/vc_column_text][vc_empty_space height=&#8221;50px&#8221;][\/vc_column_inner][vc_column_inner width=&#8221;1\/3&#8243; css=&#8221;.vc_custom_1680692821238{border-top-width: 3px !important;border-right-width: 3px !important;border-bottom-width: 3px !important;border-left-width: 3px !important;background-color: #21cdc0 !important;border-left-color: #21cdc0 !important;border-left-style: solid !important;border-right-color: #21cdc0 !important;border-right-style: solid !important;border-top-color: #21cdc0 !important;border-top-style: solid !important;border-bottom-color: #21cdc0 !important;border-bottom-style: solid !important;border-radius: 15px !important;}&#8221;][qode_elements_holder number_of_columns=&#8221;one_column&#8221;][qode_elements_holder_item background_color=&#8221;#21cdc0&#8243; item_padding=&#8221;0px 30px 0px 30px&#8221; advanced_animations=&#8221;no&#8221;][vc_empty_space height=&#8221;20px&#8221;]<div class=\"qode-advanced-pricing-list\">\n\t<div class=\"qode-apl-header\">\n\t\t<div class=\"qode-apl-title-holder\">\n\t\t\t<h4 class=\"qode-apl-title\" style=\"color:#ffffff;margin-bottom:12px\">\n\t\t\t\tWorking Hours\t\t\t<\/h4>\n\t\t<\/div>\n\t<\/div>\n\t<div class=\"qode-apl-items\">\n\t\t\t\t\t<div class=\"qode-apl-item\">\n\t\t\t\t<div class=\"qode-apl-item-top\">\n\t\t\t\t\t<h6 class=\"qode-apl-item-title\" style=\"color:#ffffff\">\n\t\t\t\t\t\tMonday\t\t\t\t\t<\/h6>\n\t\t\t\t\t<div class=\"qode-apl-line\" style=\"border-style:dotted;border-color:#ffffff\"><\/div>\n\t\t\t\t\t<h6 class=\"qode-apl-item-price\" style=\"color:#ffffff\">\n\t\t\t\t\t\t09:00 \u2013 19:00\t\t\t\t\t<\/h6>\n\t\t\t\t<\/div>\n\t\t\t\t\t\t\t<\/div>\n\t\t\t\t\t<div class=\"qode-apl-item\">\n\t\t\t\t<div class=\"qode-apl-item-top\">\n\t\t\t\t\t<h6 class=\"qode-apl-item-title\" style=\"color:#ffffff\">\n\t\t\t\t\t\tTuesday\t\t\t\t\t<\/h6>\n\t\t\t\t\t<div class=\"qode-apl-line\" style=\"border-style:dotted;border-color:#ffffff\"><\/div>\n\t\t\t\t\t<h6 class=\"qode-apl-item-price\" style=\"color:#ffffff\">\n\t\t\t\t\t\t09:00 \u2013 19:00\t\t\t\t\t<\/h6>\n\t\t\t\t<\/div>\n\t\t\t\t\t\t\t<\/div>\n\t\t\t\t\t<div class=\"qode-apl-item\">\n\t\t\t\t<div class=\"qode-apl-item-top\">\n\t\t\t\t\t<h6 class=\"qode-apl-item-title\" style=\"color:#ffffff\">\n\t\t\t\t\t\tWednesday\t\t\t\t\t<\/h6>\n\t\t\t\t\t<div class=\"qode-apl-line\" style=\"border-style:dotted;border-color:#ffffff\"><\/div>\n\t\t\t\t\t<h6 class=\"qode-apl-item-price\" style=\"color:#ffffff\">\n\t\t\t\t\t\t09:00 \u2013 19:00\t\t\t\t\t<\/h6>\n\t\t\t\t<\/div>\n\t\t\t\t\t\t\t<\/div>\n\t\t\t\t\t<div class=\"qode-apl-item\">\n\t\t\t\t<div class=\"qode-apl-item-top\">\n\t\t\t\t\t<h6 class=\"qode-apl-item-title\" style=\"color:#ffffff\">\n\t\t\t\t\t\tThursday\t\t\t\t\t<\/h6>\n\t\t\t\t\t<div class=\"qode-apl-line\" style=\"border-style:dotted;border-color:#ffffff\"><\/div>\n\t\t\t\t\t<h6 class=\"qode-apl-item-price\" style=\"color:#ffffff\">\n\t\t\t\t\t\t09:00 \u2013 19:00\t\t\t\t\t<\/h6>\n\t\t\t\t<\/div>\n\t\t\t\t\t\t\t<\/div>\n\t\t\t\t\t<div class=\"qode-apl-item\">\n\t\t\t\t<div class=\"qode-apl-item-top\">\n\t\t\t\t\t<h6 class=\"qode-apl-item-title\" style=\"color:#ffffff\">\n\t\t\t\t\t\tFriday\t\t\t\t\t<\/h6>\n\t\t\t\t\t<div class=\"qode-apl-line\" style=\"border-style:dotted;border-color:#ffffff\"><\/div>\n\t\t\t\t\t<h6 class=\"qode-apl-item-price\" style=\"color:#ffffff\">\n\t\t\t\t\t\t09:00 \u2013 19:00\t\t\t\t\t<\/h6>\n\t\t\t\t<\/div>\n\t\t\t\t\t\t\t<\/div>\n\t\t\t\t\t<div class=\"qode-apl-item\">\n\t\t\t\t<div class=\"qode-apl-item-top\">\n\t\t\t\t\t<h6 class=\"qode-apl-item-title\" style=\"color:#ffffff\">\n\t\t\t\t\t\tSaturday\t\t\t\t\t<\/h6>\n\t\t\t\t\t<div class=\"qode-apl-line\" style=\"border-style:dotted;border-color:#ffffff\"><\/div>\n\t\t\t\t\t<h6 class=\"qode-apl-item-price\" style=\"color:#ffffff\">\n\t\t\t\t\t\tClosed\t\t\t\t\t<\/h6>\n\t\t\t\t<\/div>\n\t\t\t\t\t\t\t<\/div>\n\t\t\t\t\t<div class=\"qode-apl-item\">\n\t\t\t\t<div class=\"qode-apl-item-top\">\n\t\t\t\t\t<h6 class=\"qode-apl-item-title\" style=\"color:#ffffff\">\n\t\t\t\t\t\tSunday\t\t\t\t\t<\/h6>\n\t\t\t\t\t<div class=\"qode-apl-line\" style=\"border-style:dotted;border-color:#ffffff\"><\/div>\n\t\t\t\t\t<h6 class=\"qode-apl-item-price\" style=\"color:#ffffff\">\n\t\t\t\t\t\tClosed\t\t\t\t\t<\/h6>\n\t\t\t\t<\/div>\n\t\t\t\t\t\t\t<\/div>\n\t\t\t<\/div>\n<\/div>[vc_empty_space height=&#8221;20px&#8221;][\/qode_elements_holder_item][\/qode_elements_holder][\/vc_column_inner][\/vc_row_inner][vc_row_inner row_type=&#8221;row&#8221; type=&#8221;grid&#8221; text_align=&#8221;left&#8221; css_animation=&#8221;&#8221;][vc_column_inner]<div class='qode_carousels_holder clearfix'><div class='qode_carousels' data-number-of-visible-items='5'><ul class='slides'><li class='item'><div class=\"carousel_item_holder\"><span class='first_image_holder '><img decoding=\"async\" itemprop=\"image\" src=\"https:\/\/www.emident.com.tr\/wp-content\/uploads\/2023\/03\/sertifika-iso-2008.png\" alt=\"carousel image\" \/><\/span><\/div><\/li><li class='item'><div class=\"carousel_item_holder\"><span class='first_image_holder '><img decoding=\"async\" itemprop=\"image\" src=\"https:\/\/www.emident.com.tr\/wp-content\/uploads\/2023\/03\/sertifika-iso-2012.png\" alt=\"carousel image\" \/><\/span><\/div><\/li><li class='item'><div class=\"carousel_item_holder\"><span class='first_image_holder '><img decoding=\"async\" itemprop=\"image\" src=\"https:\/\/www.emident.com.tr\/wp-content\/uploads\/2023\/03\/sertifika-dentist.png\" alt=\"carousel image\" \/><\/span><\/div><\/li><li class='item'><div class=\"carousel_item_holder\"><span class='first_image_holder '><img decoding=\"async\" itemprop=\"image\" src=\"https:\/\/www.emident.com.tr\/wp-content\/uploads\/2023\/03\/sertifika-dentistry.png\" alt=\"carousel image\" \/><\/span><\/div><\/li><li class='item'><div class=\"carousel_item_holder\"><span class='first_image_holder '><img decoding=\"async\" itemprop=\"image\" src=\"https:\/\/www.emident.com.tr\/wp-content\/uploads\/2023\/03\/sertifika2.png\" alt=\"carousel image\" \/><\/span><\/div><\/li><li class='item'><div class=\"carousel_item_holder\"><span class='first_image_holder '><img decoding=\"async\" itemprop=\"image\" src=\"https:\/\/www.emident.com.tr\/wp-content\/uploads\/2023\/03\/sertifika-1.png\" alt=\"carousel image\" \/><\/span><\/div><\/li><\/ul><\/div><\/div>[\/vc_column_inner][\/vc_row_inner][\/vc_column][\/vc_row][vc_row css_animation=&#8221;&#8221; row_type=&#8221;row&#8221; use_row_as_full_screen_section=&#8221;no&#8221; type=&#8221;full_width&#8221; angled_section=&#8221;no&#8221; text_align=&#8221;left&#8221; background_image_as_pattern=&#8221;without_pattern&#8221; css=&#8221;.vc_custom_1521883895837{padding-top: 40px !important;}&#8221; z_index=&#8221;&#8221;][vc_column][vc_empty_space height=&#8221;8px&#8221;][vc_column_text]<\/p>\n<h2 style=\"text-align: center;\">Our Team<\/h2>\n<p>[\/vc_column_text][vc_empty_space height=&#8221;50px&#8221;][vc_row_inner row_type=&#8221;row&#8221; type=&#8221;grid&#8221; text_align=&#8221;left&#8221; css_animation=&#8221;&#8221;][vc_column_inner width=&#8221;1\/4&#8243; offset=&#8221;vc_col-lg-3 vc_col-md-6&#8243;][\/vc_column_inner][vc_column_inner width=&#8221;1\/4&#8243; offset=&#8221;vc_col-lg-3 vc_col-md-6&#8243;][qode_elements_holder background_color=&#8221;#ffffff&#8221; number_of_columns=&#8221;one_column&#8221; custom_class=&#8221;eh-with-shadow&#8221;][qode_elements_holder_item item_padding=&#8221;30px 30px 30px 30px&#8221; vertical_alignment=&#8221;middle&#8221; horizontal_alignment=&#8221;center&#8221; advanced_animations=&#8221;no&#8221;][vc_single_image image=&#8221;3053&#8243; img_size=&#8221;300&#215;300&#8243; alignment=&#8221;center&#8221; style=&#8221;vc_box_outline_circle_2&#8243; border_color=&#8221;turquoise&#8221; onclick=&#8221;custom_link&#8221; qode_css_animation=&#8221;&#8221; qode_hover_animation=&#8221;zoom_in&#8221; link=&#8221;https:\/\/www.emident.com.tr\/en\/emident-dental-clinic\/dt-ali-osman-emiroglu&#8221;][vc_empty_space height=&#8221;22px&#8221;][vc_column_text]<\/p>\n<h5 class=\"q_team_name\" style=\"text-align: center;\">M. Sc. Dt. Ali Osman Emiro\u011flu<\/h5>\n<p>&nbsp;<\/p>\n<p style=\"text-align: center;\"><strong>Chief Physician<\/strong><\/p>\n<p>[\/vc_column_text][vc_empty_space height=&#8221;22px&#8221;]<a  itemprop=\"url\" href=\"https:\/\/www.emident.com.tr\/en\/emident-dental-clinic\/dt-ali-osman-emiroglu\" target=\"_self\" data-hover-background-color=#21cdc0  class=\"qbutton  medium center default\" style=\"border-color: #21cdc0; border-radius: 0px;-moz-border-radius: 0px;-webkit-border-radius: 0px; \">CV<\/a>[vc_empty_space height=&#8221;22px&#8221;][\/qode_elements_holder_item][\/qode_elements_holder][vc_empty_space height=&#8221;50px&#8221;][\/vc_column_inner][vc_column_inner width=&#8221;1\/4&#8243; offset=&#8221;vc_col-lg-3 vc_col-md-6&#8243;][qode_elements_holder background_color=&#8221;#ffffff&#8221; number_of_columns=&#8221;one_column&#8221; custom_class=&#8221;eh-with-shadow&#8221;][qode_elements_holder_item item_padding=&#8221;30px 30px 30px 30px&#8221; vertical_alignment=&#8221;middle&#8221; horizontal_alignment=&#8221;center&#8221; advanced_animations=&#8221;no&#8221;][vc_single_image image=&#8221;3080&#8243; img_size=&#8221;300&#215;300&#8243; alignment=&#8221;center&#8221; style=&#8221;vc_box_outline_circle_2&#8243; border_color=&#8221;turquoise&#8221; onclick=&#8221;custom_link&#8221; qode_css_animation=&#8221;&#8221; qode_hover_animation=&#8221;zoom_in&#8221; link=&#8221;https:\/\/www.emident.com.tr\/en\/emident-dental-clinic\/dt-emine-kesci-emiroglu&#8221;][vc_empty_space height=&#8221;22px&#8221;][vc_column_text]<\/p>\n<h5 class=\"q_team_name\" style=\"text-align: center;\">M.Sc. Dt. Emine Ke\u015f\u00e7i Emiro\u011flu<\/h5>\n<p style=\"text-align: center;\"><strong>Dentist<\/strong><\/p>\n<p>[\/vc_column_text][vc_empty_space height=&#8221;22px&#8221;]<a  itemprop=\"url\" href=\"https:\/\/www.emident.com.tr\/en\/emident-dental-clinic\/dt-emine-kesci-emiroglu\" target=\"_self\" data-hover-background-color=#21cdc0  class=\"qbutton  medium center default\" style=\"border-color: #21cdc0; border-radius: 0px;-moz-border-radius: 0px;-webkit-border-radius: 0px; \">CV<\/a>[vc_empty_space height=&#8221;22px&#8221;][\/qode_elements_holder_item][\/qode_elements_holder][vc_empty_space height=&#8221;50px&#8221;][\/vc_column_inner][vc_column_inner width=&#8221;1\/4&#8243; offset=&#8221;vc_col-lg-3 vc_col-md-6&#8243;][\/vc_column_inner][\/vc_row_inner][vc_row_inner row_type=&#8221;row&#8221; type=&#8221;grid&#8221; text_align=&#8221;left&#8221; css_animation=&#8221;&#8221;][vc_column_inner width=&#8221;1\/3&#8243;][qode_elements_holder background_color=&#8221;#ffffff&#8221; number_of_columns=&#8221;one_column&#8221; custom_class=&#8221;eh-with-shadow&#8221;][qode_elements_holder_item item_padding=&#8221;30px 30px 30px 30px&#8221; vertical_alignment=&#8221;middle&#8221; horizontal_alignment=&#8221;center&#8221; advanced_animations=&#8221;no&#8221;][vc_single_image image=&#8221;3147&#8243; img_size=&#8221;300&#215;300&#8243; alignment=&#8221;center&#8221; style=&#8221;vc_box_outline_circle_2&#8243; border_color=&#8221;turquoise&#8221; onclick=&#8221;custom_link&#8221; qode_css_animation=&#8221;&#8221; qode_hover_animation=&#8221;zoom_in&#8221;][vc_empty_space height=&#8221;22px&#8221;][vc_column_text]<\/p>\n<h5 class=\"q_team_name\" style=\"text-align: center;\">Dr. Med. Dent. La\u00e7in\u00a0 Berber<\/h5>\n<p>&nbsp;<\/p>\n<p style=\"text-align: center;\"><strong>Periodontist<\/strong><\/p>\n<p>[\/vc_column_text][vc_empty_space height=&#8221;22px&#8221;][\/qode_elements_holder_item][\/qode_elements_holder][vc_empty_space height=&#8221;50px&#8221;][\/vc_column_inner][vc_column_inner width=&#8221;1\/3&#8243;][qode_elements_holder background_color=&#8221;#ffffff&#8221; number_of_columns=&#8221;one_column&#8221; custom_class=&#8221;eh-with-shadow&#8221;][qode_elements_holder_item item_padding=&#8221;30px 30px 30px 30px&#8221; vertical_alignment=&#8221;middle&#8221; horizontal_alignment=&#8221;center&#8221; advanced_animations=&#8221;no&#8221;][vc_single_image image=&#8221;3082&#8243; img_size=&#8221;300&#215;300&#8243; alignment=&#8221;center&#8221; style=&#8221;vc_box_outline_circle_2&#8243; border_color=&#8221;turquoise&#8221; onclick=&#8221;custom_link&#8221; qode_css_animation=&#8221;&#8221; qode_hover_animation=&#8221;zoom_in&#8221;][vc_empty_space height=&#8221;22px&#8221;][vc_column_text]<\/p>\n<h5 class=\"q_team_name\" style=\"text-align: center;\">Dr. Dt. Tu\u011fba \u00d6zercan<\/h5>\n<p>&nbsp;<\/p>\n<p style=\"text-align: center;\"><strong>Ortodontist<\/strong><\/p>\n<p>[\/vc_column_text][vc_empty_space height=&#8221;22px&#8221;][\/qode_elements_holder_item][\/qode_elements_holder][vc_empty_space height=&#8221;50px&#8221;][\/vc_column_inner][vc_column_inner width=&#8221;1\/3&#8243;][qode_elements_holder background_color=&#8221;#ffffff&#8221; number_of_columns=&#8221;one_column&#8221; custom_class=&#8221;eh-with-shadow&#8221;][qode_elements_holder_item item_padding=&#8221;30px 30px 30px 30px&#8221; vertical_alignment=&#8221;middle&#8221; horizontal_alignment=&#8221;center&#8221; advanced_animations=&#8221;no&#8221;][vc_single_image image=&#8221;2093&#8243; img_size=&#8221;300&#215;300&#8243; alignment=&#8221;center&#8221; style=&#8221;vc_box_outline_circle_2&#8243; border_color=&#8221;turquoise&#8221; onclick=&#8221;custom_link&#8221; qode_css_animation=&#8221;&#8221; qode_hover_animation=&#8221;zoom_in&#8221;][vc_empty_space height=&#8221;22px&#8221;][vc_column_text]<\/p>\n<h5 class=\"q_team_name\" style=\"text-align: center;\">Sevgi G\u00f6kmen Takmaz<\/h5>\n<p>&nbsp;<\/p>\n<p style=\"text-align: center;\"><strong>General Coordinator<\/strong><\/p>\n<p>[\/vc_column_text][vc_empty_space height=&#8221;22px&#8221;][\/qode_elements_holder_item][\/qode_elements_holder][vc_empty_space height=&#8221;50px&#8221;][\/vc_column_inner][\/vc_row_inner][vc_row_inner row_type=&#8221;row&#8221; type=&#8221;grid&#8221; text_align=&#8221;left&#8221; css_animation=&#8221;&#8221;][vc_column_inner width=&#8221;1\/4&#8243; css=&#8221;.vc_custom_1616751998952{padding-right: 32px !important;padding-left: 32px !important;}&#8221;][\/vc_column_inner][vc_column_inner width=&#8221;1\/4&#8243;][qode_elements_holder background_color=&#8221;#ffffff&#8221; number_of_columns=&#8221;one_column&#8221; custom_class=&#8221;eh-with-shadow&#8221;][qode_elements_holder_item item_padding=&#8221;30px 30px 30px 30px&#8221; vertical_alignment=&#8221;middle&#8221; horizontal_alignment=&#8221;center&#8221; advanced_animations=&#8221;no&#8221;][vc_single_image image=&#8221;2092&#8243; img_size=&#8221;300&#215;300&#8243; alignment=&#8221;center&#8221; style=&#8221;vc_box_outline_circle_2&#8243; border_color=&#8221;turquoise&#8221; onclick=&#8221;custom_link&#8221; qode_css_animation=&#8221;&#8221; qode_hover_animation=&#8221;zoom_in&#8221;][vc_empty_space height=&#8221;22px&#8221;][vc_column_text]<\/p>\n<h5 class=\"q_team_name\" style=\"text-align: center;\">\u015eeyma Tu\u011f\u00e7e T\u00fcrk\u00f6z<\/h5>\n<p style=\"text-align: center;\"><strong>Oral and Dental Health Technician<\/strong><\/p>\n<p>[\/vc_column_text][vc_empty_space height=&#8221;22px&#8221;][\/qode_elements_holder_item][\/qode_elements_holder][vc_empty_space height=&#8221;50px&#8221;][\/vc_column_inner][vc_column_inner width=&#8221;1\/4&#8243;][qode_elements_holder background_color=&#8221;#ffffff&#8221; number_of_columns=&#8221;one_column&#8221; custom_class=&#8221;eh-with-shadow&#8221;][qode_elements_holder_item item_padding=&#8221;30px 30px 30px 30px&#8221; vertical_alignment=&#8221;middle&#8221; horizontal_alignment=&#8221;center&#8221; advanced_animations=&#8221;no&#8221;][vc_single_image image=&#8221;2096&#8243; img_size=&#8221;300&#215;300&#8243; alignment=&#8221;center&#8221; style=&#8221;vc_box_outline_circle_2&#8243; border_color=&#8221;turquoise&#8221; onclick=&#8221;custom_link&#8221; qode_css_animation=&#8221;&#8221; qode_hover_animation=&#8221;zoom_in&#8221;][vc_empty_space height=&#8221;22px&#8221;][vc_column_text]<\/p>\n<h5 class=\"q_team_name\" style=\"text-align: center;\">\u00d6zkan K. \u00c7elebi<\/h5>\n<p style=\"text-align: center;\"><strong>IT Specialist<\/strong><\/p>\n<p>[\/vc_column_text][vc_empty_space height=&#8221;22px&#8221;][\/qode_elements_holder_item][\/qode_elements_holder][vc_empty_space height=&#8221;50px&#8221;][\/vc_column_inner][vc_column_inner width=&#8221;1\/4&#8243;][\/vc_column_inner][\/vc_row_inner][\/vc_column][\/vc_row][vc_row css_animation=&#8221;&#8221; row_type=&#8221;row&#8221; use_row_as_full_screen_section=&#8221;no&#8221; type=&#8221;full_width&#8221; angled_section=&#8221;no&#8221; text_align=&#8221;left&#8221; background_image_as_pattern=&#8221;without_pattern&#8221; background_color=&#8221;#ffffff&#8221; z_index=&#8221;&#8221;][vc_column][vc_row_inner row_type=&#8221;row&#8221; type=&#8221;grid&#8221; text_align=&#8221;left&#8221; padding_bottom=&#8221;30&#8243; css_animation=&#8221;&#8221; css=&#8221;.vc_custom_1522938215686{padding-top: 30px !important;}&#8221;][vc_column_inner]<div class='qode_carousels_holder clearfix'><div class='qode_carousels' data-number-of-visible-items='5'><ul class='slides'><li class='item'><div class=\"carousel_item_holder\"><span class='first_image_holder '><img decoding=\"async\" itemprop=\"image\" src=\"https:\/\/www.emident.com.tr\/wp-content\/uploads\/2018\/03\/moneta.jpg\" alt=\"carousel image\" \/><\/span><\/div><\/li><li class='item'><div class=\"carousel_item_holder\"><span class='first_image_holder '><img decoding=\"async\" itemprop=\"image\" src=\"https:\/\/www.emident.com.tr\/wp-content\/uploads\/2018\/03\/benefit.jpg\" alt=\"carousel image\" \/><\/span><\/div><\/li><li class='item'><div class=\"carousel_item_holder\"><span class='first_image_holder '><img decoding=\"async\" itemprop=\"image\" src=\"https:\/\/www.emident.com.tr\/wp-content\/uploads\/2018\/03\/inter-partner.jpg\" alt=\"carousel image\" \/><\/span><\/div><\/li><li class='item'><div class=\"carousel_item_holder\"><span class='first_image_holder '><img decoding=\"async\" itemprop=\"image\" src=\"https:\/\/www.emident.com.tr\/wp-content\/uploads\/2018\/03\/tt.jpg\" alt=\"carousel image\" \/><\/span><\/div><\/li><li class='item'><div class=\"carousel_item_holder\"><span class='first_image_holder '><img decoding=\"async\" itemprop=\"image\" src=\"https:\/\/www.emident.com.tr\/wp-content\/uploads\/2018\/03\/yapi-kredi.jpg\" alt=\"carousel image\" \/><\/span><\/div><\/li><li class='item'><div class=\"carousel_item_holder\"><span class='first_image_holder '><img decoding=\"async\" itemprop=\"image\" src=\"https:\/\/www.emident.com.tr\/wp-content\/uploads\/2018\/03\/seker.jpg\" alt=\"carousel image\" \/><\/span><\/div><\/li><\/ul><\/div><\/div>[\/vc_column_inner][\/vc_row_inner][\/vc_column][\/vc_row]<\/p>\n<\/div>","protected":false},"excerpt":{"rendered":"<p>[vc_row css_animation=&#8221;&#8221; row_type=&#8221;row&#8221; use_row_as_full_screen_section=&#8221;no&#8221; type=&#8221;full_width&#8221; angled_section=&#8221;no&#8221; text_align=&#8221;left&#8221; background_image_as_pattern=&#8221;without_pattern&#8221; z_index=&#8221;&#8221; css=&#8221;.vc_custom_1521883880068{padding-top: 50px !important;padding-bottom: 40px !important;background-color: #ffffff !important;}&#8221;][vc_column][vc_row_inner row_type=&#8221;row&#8221; type=&#8221;grid&#8221; text_align=&#8221;left&#8221; css_animation=&#8221;&#8221;][vc_column_inner width=&#8221;2\/3&#8243;][vc_empty_space height=&#8221;20px&#8221;][vc_column_text]Located in Istanbul, \u015ei\u015fli,&#8230;<\/p>\n","protected":false},"author":1,"featured_media":0,"parent":0,"menu_order":0,"comment_status":"closed","ping_status":"closed","template":"full_width.php","meta":{"footnotes":""},"class_list":["post-2240","page","type-page","status-publish","hentry"],"aioseo_notices":[],"_links":{"self":[{"href":"https:\/\/www.emident.com.tr\/en\/wp-json\/wp\/v2\/pages\/2240","targetHints":{"allow":["GET"]}}],"collection":[{"href":"https:\/\/www.emident.com.tr\/en\/wp-json\/wp\/v2\/pages"}],"about":[{"href":"https:\/\/www.emident.com.tr\/en\/wp-json\/wp\/v2\/types\/page"}],"author":[{"embeddable":true,"href":"https:\/\/www.emident.com.tr\/en\/wp-json\/wp\/v2\/users\/1"}],"replies":[{"embeddable":true,"href":"https:\/\/www.emident.com.tr\/en\/wp-json\/wp\/v2\/comments?post=2240"}],"version-history":[{"count":18,"href":"https:\/\/www.emident.com.tr\/en\/wp-json\/wp\/v2\/pages\/2240\/revisions"}],"predecessor-version":[{"id":3808,"href":"https:\/\/www.emident.com.tr\/en\/wp-json\/wp\/v2\/pages\/2240\/revisions\/3808"}],"wp:attachment":[{"href":"https:\/\/www.emident.com.tr\/en\/wp-json\/wp\/v2\/media?parent=2240"}],"curies":[{"name":"wp","href":"https:\/\/api.w.org\/{rel}","templated":true}]}}