{"id":2251,"date":"2018-01-11T09:14:46","date_gmt":"2018-01-11T06:14:46","guid":{"rendered":"https:\/\/www.emident.com.tr\/appointment"},"modified":"2023-04-05T13:54:38","modified_gmt":"2023-04-05T10:54:38","slug":"appointment","status":"publish","type":"page","link":"https:\/\/www.emident.com.tr\/en\/appointment","title":{"rendered":"Contact"},"content":{"rendered":"<div class=\"wpb-content-wrapper\"><p>[vc_row css_animation=&#8221;&#8221; row_type=&#8221;row&#8221; use_row_as_full_screen_section=&#8221;no&#8221; type=&#8221;full_width&#8221; angled_section=&#8221;no&#8221; text_align=&#8221;left&#8221; background_image_as_pattern=&#8221;without_pattern&#8221;][vc_column][vc_empty_space height=&#8221;50px&#8221;][\/vc_column][\/vc_row][vc_row css_animation=&#8221;&#8221; row_type=&#8221;row&#8221; use_row_as_full_screen_section=&#8221;no&#8221; type=&#8221;full_width&#8221; angled_section=&#8221;no&#8221; text_align=&#8221;left&#8221; background_image_as_pattern=&#8221;without_pattern&#8221;][vc_column][vc_row_inner row_type=&#8221;row&#8221; type=&#8221;full_width&#8221; text_align=&#8221;left&#8221; css_animation=&#8221;&#8221;][vc_column_inner width=&#8221;1\/3&#8243; css=&#8221;.vc_custom_1643292798543{padding-left: 50px !important;}&#8221;][vc_column_text]<\/p>\n<h4><span style=\"color: #373737;\"><span style=\"color: #003366;\"><strong>EMIDENT Dental Clinic<\/strong><\/span><\/span><\/h4>\n<p><span style=\"color: #373737;\"><strong><span style=\"color: #003366;\">Istanbul, Turkey<\/span><\/strong><br \/>\n<\/span>[\/vc_column_text][vc_separator type=&#8221;normal&#8221; color=&#8221;#bfbfbf&#8221; thickness=&#8221;1&#8243; up=&#8221;20&#8243; down=&#8221;20&#8243;]<div class='q_icon_with_title medium normal_icon '><div class=\"icon_holder \" style=\" \"><span data-icon-type=\"normal\"   style=\"\" class=\"qode_iwt_icon_holder q_font_awsome_icon fa-3x  \"><i class=\"qode_icon_font_awesome fa fa-map-marker qode_iwt_icon_element\" style=\"color: #21cdc0;\" ><\/i><\/span><\/div><div class=\"icon_text_holder\" style=\"\"><div class=\"icon_text_inner\" style=\"\"><h5 class=\"icon_title\" style=\"color: #21cdc0;font-weight: 600;\">Address<\/h5><p style=''>Mecidiyek\u00f6y Mh. Lati Lokum Sk. \u00d6z\u00e7elik Apt. No:5 K:3 \u015ei\u015fli, \u0130stanbul<\/p><a itemprop='url' class='icon_with_title_link' href='https:\/\/www.google.com\/maps\/place\/Emident+A%C4%9F%C4%B1z+ve+Di%C5%9F+Sa%C4%9Fl%C4%B1%C4%9F%C4%B1+Poliklini%C4%9Fi\/@41.0671653,28.9944742,20z\/data=!4m5!3m4!1s0x0:0xa88814dea01364fa!8m2!3d41.0672503!4d28.9944533?hl=tr' target='_blank' style='color: #25365e;'>Get Directions<\/a><\/div><\/div><\/div>[vc_separator type=&#8221;normal&#8221; color=&#8221;#bfbfbf&#8221; thickness=&#8221;1&#8243; up=&#8221;20&#8243; down=&#8221;20&#8243;][qode_elements_holder number_of_columns=&#8221;two_columns&#8221;][qode_elements_holder_item item_padding=&#8221;0 0 0 0&#8243; advanced_animations=&#8221;no&#8221; custom_class=&#8221;test-2&#8243;]<div class='q_icon_with_title medium normal_icon '><div class=\"icon_holder \" style=\" \"><span data-icon-type=\"normal\"   style=\"\" class=\"qode_iwt_icon_holder q_font_awsome_icon fa-3x  \"><i class=\"qode_icon_font_awesome fa fa-phone qode_iwt_icon_element\" style=\"color: #21cdc0;\" ><\/i><\/span><\/div><div class=\"icon_text_holder\" style=\"\"><div class=\"icon_text_inner\" style=\"\"><h5 class=\"icon_title\" style=\"color: #21cdc0;\">Phone<\/h5><p style=''>(0212) 356 66 16<\/p><a itemprop='url' class='icon_with_title_link' href='Tel: +902123566616' target='_blank' style='color: #25365e;'>Call me now<\/a><\/div><\/div><\/div>[\/qode_elements_holder_item][qode_elements_holder_item item_padding=&#8221;0 0 0 0&#8243; advanced_animations=&#8221;no&#8221; custom_class=&#8221;test-2&#8243;]<div class='q_icon_with_title medium normal_icon '><div class=\"icon_holder \" style=\" \"><span data-icon-type=\"normal\"   style=\"\" class=\"qode_iwt_icon_holder q_font_awsome_icon fa-3x  \"><i class=\"qode_icon_font_awesome fa fa-phone qode_iwt_icon_element\" style=\"color: #21cdc0;\" ><\/i><\/span><\/div><div class=\"icon_text_holder\" style=\"\"><div class=\"icon_text_inner\" style=\"\"><h5 class=\"icon_title\" style=\"color: #21cdc0;\">Phone<\/h5><p style=''>(0212) 211 89 04<\/p><a itemprop='url' class='icon_with_title_link' href='Tel: +902122118904' target='_blank' style='color: #25365e;'>Call me now<\/a><\/div><\/div><\/div>[\/qode_elements_holder_item][\/qode_elements_holder][vc_separator type=&#8221;normal&#8221; color=&#8221;#bfbfbf&#8221; thickness=&#8221;1&#8243; up=&#8221;20&#8243; down=&#8221;20&#8243;]<div class='q_icon_with_title medium normal_icon '><div class=\"icon_holder \" style=\" \"><span data-icon-type=\"normal\"   style=\"\" class=\"qode_iwt_icon_holder q_font_awsome_icon fa-3x  \"><i class=\"qode_icon_font_awesome fa fa-whatsapp qode_iwt_icon_element\" style=\"color: #21cdc0;\" ><\/i><\/span><\/div><div class=\"icon_text_holder\" style=\"\"><div class=\"icon_text_inner\" style=\"\"><h5 class=\"icon_title\" style=\"color: #21cdc0;\">WhatsApp<\/h5><p style=''>(0541) 249 34 61<\/p><a itemprop='url' class='icon_with_title_link' href='https:\/\/api.whatsapp.com\/send?phone=905412493461' target='_blank' style='color: #25365e;'>Start Chat<\/a><\/div><\/div><\/div>[vc_separator type=&#8221;normal&#8221; color=&#8221;#bfbfbf&#8221; thickness=&#8221;1&#8243; up=&#8221;20&#8243; down=&#8221;20&#8243;][vc_column_text]<\/p>\n<h5><span style=\"color: #21cdc0;\">Follow on Social Media<\/span><\/h5>\n<p>[\/vc_column_text][vc_empty_space height=&#8221;5px&#8221;]<span class='q_social_icon_holder circle_social' data-color=#25365e data-hover-background-color=#25365e data-hover-border-color=#ffffff data-hover-color=#ffffff><a itemprop='url' href='https:\/\/www.facebook.com\/emidentclinic' target='_blank'><span class='fa-stack fa-lg' style='background-color: #ffffff;border-color: #25365e;border-width: 1px;'><i class=\"qode_icon_font_awesome fa fa-facebook \" style=\"color: #25365e;\" ><\/i><\/span><\/a><\/span><span class='q_social_icon_holder circle_social' data-color=#25365e data-hover-background-color=#25365e data-hover-border-color=#ffffff data-hover-color=#ffffff><a itemprop='url' href='https:\/\/www.instagram.com\/emident.clinic' target='_blank'><span class='fa-stack fa-lg' style='background-color: #ffffff;border-color: #25365e;border-width: 1px;'><i class=\"qode_icon_font_awesome fa fa-instagram \" style=\"color: #25365e;\" ><\/i><\/span><\/a><\/span><span class='q_social_icon_holder circle_social' data-color=#25365e data-hover-background-color=#25365e data-hover-border-color=#ffffff data-hover-color=#ffffff><a itemprop='url' href='https:\/\/www.youtube.com\/channel\/UCNWVnBJVf4y4M3_ozTaowIA' target='_blank'><span class='fa-stack fa-lg' style='background-color: #ffffff;border-color: #25365e;border-width: 1px;'><i class=\"qode_icon_font_awesome fa fa-youtube \" style=\"color: #25365e;\" ><\/i><\/span><\/a><\/span>[vc_separator type=&#8221;normal&#8221; color=&#8221;#bfbfbf&#8221; thickness=&#8221;1&#8243; up=&#8221;20&#8243; down=&#8221;20&#8243;][\/vc_column_inner][vc_column_inner width=&#8221;1\/3&#8243; css=&#8221;.vc_custom_1680549429807{border-top-width: 3px !important;border-right-width: 3px !important;border-bottom-width: 3px !important;border-left-width: 3px !important;background-color: #898989 !important;border-left-color: #898989 !important;border-left-style: solid !important;border-right-color: #898989 !important;border-right-style: solid !important;border-top-color: #898989 !important;border-top-style: solid !important;border-bottom-color: #898989 !important;border-bottom-style: solid !important;border-radius: 15px !important;}&#8221;][qode_elements_holder number_of_columns=&#8221;one_column&#8221;][qode_elements_holder_item background_color=&#8221;#898989&#8243; item_padding=&#8221;5% 5% 5% 5%&#8221; vertical_alignment=&#8221;middle&#8221; horizontal_alignment=&#8221;center&#8221; advanced_animations=&#8221;no&#8221;][vc_column_text]<\/p>\n<h3 style=\"text-align: center;\"><span style=\"color: #ffffff;\">Appointment Form<\/span><\/h3>\n<p>[\/vc_column_text][vc_empty_space height=&#8221;15px&#8221;]\n<div class=\"wpcf7 no-js\" id=\"wpcf7-f2485-o1\" lang=\"en-US\" dir=\"ltr\" data-wpcf7-id=\"2485\">\n<div class=\"screen-reader-response\"><p role=\"status\" aria-live=\"polite\" aria-atomic=\"true\"><\/p> <ul><\/ul><\/div>\n<form action=\"\/en\/wp-json\/wp\/v2\/pages\/2251#wpcf7-f2485-o1\" method=\"post\" class=\"wpcf7-form init cf7_custom_style_1\" aria-label=\"Contact form\" novalidate=\"novalidate\" data-status=\"init\">\n<fieldset class=\"hidden-fields-container\"><input type=\"hidden\" name=\"_wpcf7\" value=\"2485\" \/><input type=\"hidden\" name=\"_wpcf7_version\" value=\"6.1.2\" \/><input type=\"hidden\" name=\"_wpcf7_locale\" value=\"en_US\" \/><input type=\"hidden\" name=\"_wpcf7_unit_tag\" value=\"wpcf7-f2485-o1\" \/><input type=\"hidden\" name=\"_wpcf7_container_post\" value=\"0\" \/><input type=\"hidden\" name=\"_wpcf7_posted_data_hash\" value=\"\" \/>\n<\/fieldset>\n<div class=\"two_columns_50_50 clearfix\">\n\t<div class=\"column1\">\n\t\t<div class=\"column_inner\">\n\t\t\t<p><span class=\"wpcf7-form-control-wrap\" data-name=\"menu-976\"><select class=\"wpcf7-form-control wpcf7-select\" aria-invalid=\"false\" name=\"menu-976\"><option value=\"Select Department\">Select Department<\/option><option value=\"Oral and Maxillofacial Surgery\">Oral and Maxillofacial Surgery<\/option><option value=\"Implantology\">Implantology<\/option><option value=\"Orthodontics (Braces)\">Orthodontics (Braces)<\/option><option value=\"Restorative Dentistry\">Restorative Dentistry<\/option><option value=\"Endodontics (Canal Treatment)\">Endodontics (Canal Treatment)<\/option><option value=\"Periodontology (Gum Treatment)\">Periodontology (Gum Treatment)<\/option><option value=\"Pedodontics (Pediatric Dentistry)\">Pedodontics (Pediatric Dentistry)<\/option><option value=\"Prosthetics Dentistry\">Prosthetics Dentistry<\/option><option value=\"Anesthesia and Sedation\">Anesthesia and Sedation<\/option><option value=\"Other\">Other<\/option><\/select><\/span>\n\t\t\t<\/p>\n\t\t<\/div>\n\t<\/div>\n\t<div class=\"column2\">\n\t\t<div class=\"column_inner\">\n\t\t\t<p><span class=\"wpcf7-form-control-wrap\" data-name=\"menu-58\"><select class=\"wpcf7-form-control wpcf7-select\" aria-invalid=\"false\" name=\"menu-58\"><option value=\"Choose Doctor\">Choose Doctor<\/option><option value=\"M.Sc. Dt. Ali Osman Emiro\u011flu\">M.Sc. Dt. Ali Osman Emiro\u011flu<\/option><option value=\"M.Sc. Dt. Emine Ke\u015f\u00e7i Emiro\u011flu\">M.Sc. Dt. Emine Ke\u015f\u00e7i Emiro\u011flu<\/option><option value=\"Dr. La\u00e7in Berber\">Dr. La\u00e7in Berber<\/option><option value=\"Dr. Tu\u011fba \u00d6zercan\">Dr. Tu\u011fba \u00d6zercan<\/option><\/select><\/span>\n\t\t\t<\/p>\n\t\t<\/div>\n\t<\/div>\n<\/div>\n<div class=\"two_columns_50_50 clearfix\">\n\t<div class=\"column1\">\n\t\t<div class=\"column_inner\">\n\t\t\t<p><span class=\"wpcf7-form-control-wrap\" data-name=\"your-name\"><input size=\"40\" maxlength=\"400\" class=\"wpcf7-form-control wpcf7-text wpcf7-validates-as-required\" aria-required=\"true\" aria-invalid=\"false\" placeholder=\"Name Surname\" value=\"\" type=\"text\" name=\"your-name\" \/><\/span>\n\t\t\t<\/p>\n\t\t<\/div>\n\t<\/div>\n\t<div class=\"column2\">\n\t\t<div class=\"column_inner\">\n\t\t\t<p><span class=\"wpcf7-form-control-wrap\" data-name=\"your-phone\"><input size=\"40\" maxlength=\"400\" class=\"wpcf7-form-control wpcf7-text wpcf7-validates-as-required\" aria-required=\"true\" aria-invalid=\"false\" placeholder=\"Telephone Number\" value=\"\" type=\"text\" name=\"your-phone\" \/><\/span>\n\t\t\t<\/p>\n\t\t<\/div>\n\t<\/div>\n<\/div>\n<div class=\"two_columns_50_50 clearfix\">\n\t<div class=\"column1\">\n\t\t<div class=\"column_inner\">\n\t\t\t<p><span class=\"wpcf7-form-control-wrap\" data-name=\"date-189\"><input class=\"wpcf7-form-control wpcf7-date wpcf7-validates-as-date\" aria-invalid=\"false\" placeholder=\"Date\" value=\"\" type=\"date\" name=\"date-189\" \/><\/span>\n\t\t\t<\/p>\n\t\t<\/div>\n\t<\/div>\n\t<div class=\"column2\">\n\t\t<div class=\"column_inner\">\n\t\t\t<p><span class=\"wpcf7-form-control-wrap\" data-name=\"text-439\"><input size=\"40\" maxlength=\"400\" class=\"wpcf7-form-control wpcf7-text\" aria-invalid=\"false\" placeholder=\"Hour\" value=\"\" type=\"text\" name=\"text-439\" \/><\/span>\n\t\t\t<\/p>\n\t\t<\/div>\n\t<\/div>\n<\/div>\n<p><span class=\"wpcf7-form-control-wrap\" data-name=\"email-648\"><input size=\"40\" maxlength=\"400\" class=\"wpcf7-form-control wpcf7-email wpcf7-validates-as-required wpcf7-text wpcf7-validates-as-email\" aria-required=\"true\" aria-invalid=\"false\" placeholder=\"E-Mail Address\" value=\"\" type=\"email\" name=\"email-648\" \/><\/span>\n<\/p>\n<div>\n\t<p><span class=\"wpcf7-form-control-wrap\" data-name=\"textarea-935\"><textarea cols=\"40\" rows=\"10\" maxlength=\"2000\" class=\"wpcf7-form-control wpcf7-textarea\" aria-invalid=\"false\" placeholder=\"The message you want to forward...\" name=\"textarea-935\"><\/textarea><\/span>\n\t<\/p>\n<\/div>\n<div>\n\t<p><input class=\"wpcf7-form-control wpcf7-submit has-spinner\" type=\"submit\" value=\"Save Appointment\" \/>\n\t<\/p>\n<\/div><div class=\"wpcf7-response-output\" aria-hidden=\"true\"><\/div>\n<\/form>\n<\/div>\n[\/qode_elements_holder_item][\/qode_elements_holder][vc_column_text]<\/p>\n<p style=\"text-align: center;\"><span style=\"color: #ffffff;\"><strong><a style=\"color: #ffffff;\" href=\"https:\/\/www.emident.com.tr\/en\/privacy-policy\">Terms of Use and Privacy Policy<\/a><\/strong><\/span><\/p>\n<p>[\/vc_column_text][vc_empty_space height=&#8221;30px&#8221;][\/vc_column_inner][vc_column_inner width=&#8221;1\/3&#8243;][vc_raw_js]JTNDc2NyaXAlM0NhJTIwaWQlM0QlMjJ6bC11cmwlMjIlMjBjbGFzcyUzRCUyMnpsLXVybCUyMiUyMGhyZWYlM0QlMjJodHRwcyUzQSUyRiUyRnd3dy5kb2t0b3J0YWt2aW1pLmNvbSUyRmFsaS1vc21hbi1lbWlyb2dsdSUyRmRpcy1oZWtpbWklMkZpc3RhbmJ1bCUyMiUyMHJlbCUzRCUyMm5vZm9sbG93JTIyJTIwZGF0YS16bHctZG9jdG9yJTNEJTIyYWxpLW9zbWFuLWVtaXJvZ2x1JTIyJTIwZGF0YS16bHctdHlwZSUzRCUyMmJpZ193aXRoX2NhbGVuZGFyJTIyJTIwZGF0YS16bHctb3BpbmlvbiUzRCUyMmZhbHNlJTIyJTIwZGF0YS16bHctaGlkZS1icmFuZGluZyUzRCUyMnRydWUlMjIlM0VBbGklMjBPc21hbiUyMEVtaXJvJUM0JTlGbHUlMjAtJTIwRG9rdG9yVGFrdmltaS5jb20lM0MlMkZhJTNFJTNDc2NyaXB0JTNFJTIxZnVuY3Rpb24lMjglMjRfeCUyQ19zJTJDaWQlMjklN0J2YXIlMjBqcyUyQ2ZqcyUzRCUyNF94LmdldEVsZW1lbnRzQnlUYWdOYW1lJTI4X3MlMjklNUIwJTVEJTNCaWYlMjglMjElMjRfeC5nZXRFbGVtZW50QnlJZCUyOGlkJTI5JTI5JTdCanMlMjAlM0QlMjAlMjRfeC5jcmVhdGVFbGVtZW50JTI4X3MlMjklM0Jqcy5pZCUyMCUzRCUyMGlkJTNCanMuc3JjJTIwJTNEJTIwJTIyJTJGJTJGcGxhdGZvcm0uZG9jcGxhbm5lci5jb20lMkZqcyUyRndpZGdldC5qcyUyMiUzQmZqcy5wYXJlbnROb2RlLmluc2VydEJlZm9yZSUyOGpzJTJDZmpzJTI5JTNCJTdEJTdEJTI4ZG9jdW1lbnQlMkMlMjJzY3JpcHQlMjIlMkMlMjJ6bC13aWRnZXQtcyUyMiUyOSUzQiUzQyUyRnNjcmlwdCUzRXQlM0UlMjBhbGVydCUyOCUyMCUyMkVudGVyJTIweW91ciUyMGpzJTIwaGVyZSUyMSUyMiUyMCUyOSUyMCUzQyUyRnNjcmlwdCUzRQ==[\/vc_raw_js][\/vc_column_inner][\/vc_row_inner][\/vc_column][\/vc_row][vc_row css_animation=&#8221;&#8221; row_type=&#8221;row&#8221; use_row_as_full_screen_section=&#8221;no&#8221; type=&#8221;full_width&#8221; angled_section=&#8221;no&#8221; text_align=&#8221;left&#8221; background_image_as_pattern=&#8221;without_pattern&#8221; z_index=&#8221;&#8221;][vc_column][vc_empty_space][vc_gmaps link=&#8221;#E-8_JTNDaWZyYW1lJTIwc3JjJTNEJTIyaHR0cHMlM0ElMkYlMkZ3d3cuZ29vZ2xlLmNvbSUyRm1hcHMlMkZlbWJlZCUzRnBiJTNEJTIxMW0xOCUyMTFtMTIlMjExbTMlMjExZDMwMDguMDcyNzczNjE5NDg0JTIxMmQyOC45OTIxNjAxMTU0MTU3NyUyMTNkNDEuMDY3NDAxODc5Mjk0NzU2JTIxMm0zJTIxMWYwJTIxMmYwJTIxM2YwJTIxM20yJTIxMWkxMDI0JTIxMmk3NjglMjE0ZjEzLjElMjEzbTMlMjExbTIlMjExczB4MTRjYWI2ZmU5YTcxMGVkNSUyNTNBMHhhODg4MTRkZWEwMTM2NGZhJTIxMnpSVzFwWkdWdWRDQkhieUJFWlc1MGFYTjBJRVJweFo4Z1MyeHBibW5FbjJrZ1FXeHNJRTl1SUVadmRYSWdMU0RFc0hOMFlXNWlkV3dndzVaNlpXd2dRY1NmeExGNklIWmxJRVJweFo4Z1UySEVuMnpFc2NTZnhMRWd4TEJ0Y0d4aGJuUWdSR25GbnlCUWIyeHBhMnhwYm1uRW4yayUyMTVlMCUyMTNtMiUyMTFzdHIlMjEyc3RyJTIxNHYxNjgwMjU0MDkxMjUwJTIxNW0yJTIxMXN0ciUyMTJzdHIlMjIlMjB3aWR0aCUzRCUyMjE5MjAlMjIlMjBoZWlnaHQlM0QlMjI0NTAlMjIlMjBzdHlsZSUzRCUyMmJvcmRlciUzQTAlM0IlMjIlMjBhbGxvd2Z1bGxzY3JlZW4lM0QlMjIlMjIlMjBsb2FkaW5nJTNEJTIybGF6eSUyMiUyMHJlZmVycmVycG9saWN5JTNEJTIybm8tcmVmZXJyZXItd2hlbi1kb3duZ3JhZGUlMjIlM0UlM0MlMkZpZnJhbWUlM0U=&#8221;][\/vc_column][\/vc_row]<\/p>\n<\/div>","protected":false},"excerpt":{"rendered":"<p>[vc_row css_animation=&#8221;&#8221; row_type=&#8221;row&#8221; use_row_as_full_screen_section=&#8221;no&#8221; type=&#8221;full_width&#8221; angled_section=&#8221;no&#8221; text_align=&#8221;left&#8221; background_image_as_pattern=&#8221;without_pattern&#8221;][vc_column][vc_empty_space height=&#8221;50px&#8221;][\/vc_column][\/vc_row][vc_row css_animation=&#8221;&#8221; row_type=&#8221;row&#8221; use_row_as_full_screen_section=&#8221;no&#8221; type=&#8221;full_width&#8221; angled_section=&#8221;no&#8221; text_align=&#8221;left&#8221; background_image_as_pattern=&#8221;without_pattern&#8221;][vc_column][vc_row_inner row_type=&#8221;row&#8221; type=&#8221;full_width&#8221; text_align=&#8221;left&#8221; css_animation=&#8221;&#8221;][vc_column_inner width=&#8221;1\/3&#8243; css=&#8221;.vc_custom_1643292798543{padding-left: 50px !important;}&#8221;][vc_column_text] EMIDENT&#8230;<\/p>\n","protected":false},"author":1,"featured_media":0,"parent":0,"menu_order":0,"comment_status":"closed","ping_status":"closed","template":"full_width.php","meta":{"footnotes":""},"class_list":["post-2251","page","type-page","status-publish","hentry"],"aioseo_notices":[],"_links":{"self":[{"href":"https:\/\/www.emident.com.tr\/en\/wp-json\/wp\/v2\/pages\/2251","targetHints":{"allow":["GET"]}}],"collection":[{"href":"https:\/\/www.emident.com.tr\/en\/wp-json\/wp\/v2\/pages"}],"about":[{"href":"https:\/\/www.emident.com.tr\/en\/wp-json\/wp\/v2\/types\/page"}],"author":[{"embeddable":true,"href":"https:\/\/www.emident.com.tr\/en\/wp-json\/wp\/v2\/users\/1"}],"replies":[{"embeddable":true,"href":"https:\/\/www.emident.com.tr\/en\/wp-json\/wp\/v2\/comments?post=2251"}],"version-history":[{"count":30,"href":"https:\/\/www.emident.com.tr\/en\/wp-json\/wp\/v2\/pages\/2251\/revisions"}],"predecessor-version":[{"id":3794,"href":"https:\/\/www.emident.com.tr\/en\/wp-json\/wp\/v2\/pages\/2251\/revisions\/3794"}],"wp:attachment":[{"href":"https:\/\/www.emident.com.tr\/en\/wp-json\/wp\/v2\/media?parent=2251"}],"curies":[{"name":"wp","href":"https:\/\/api.w.org\/{rel}","templated":true}]}}